{"id":11,"date":"2017-08-12T19:17:38","date_gmt":"2017-08-12T17:17:38","guid":{"rendered":"http:\/\/p276121.mittwaldserver.info\/pxshopprod\/?page_id=11"},"modified":"2025-08-06T15:41:20","modified_gmt":"2025-08-06T13:41:20","slug":"agb","status":"publish","type":"page","link":"https:\/\/bergeshof.de\/shop\/agb\/","title":{"rendered":"AGB"},"content":{"rendered":"\n<p>ALLGEMEINE GESCH\u00c4FTSBEDINGUNGEN\u00a0 &#8211; <a href=\"https:\/\/bergeshof.de\/shop\/wp-content\/uploads\/2025\/08\/Weingut-Fischborn-AGB.pdf\" target=\"_blank\" rel=\"noreferrer noopener\">HIER ZUM DOWNLOAD<\/a><\/p>\n\n\n\n<ul class=\"wp-block-list\">\n<li>Geltungsbereich<\/li>\n\n\n\n<li>Vertragspartner<\/li>\n\n\n\n<li>Vertragsschluss<\/li>\n\n\n\n<li>Widerrufsrecht<\/li>\n\n\n\n<li>Preise und Versandkosten<\/li>\n\n\n\n<li>Lieferung<\/li>\n\n\n\n<li>Zahlung<\/li>\n\n\n\n<li>Eigentumsvorbehalt<\/li>\n<\/ul>\n\n\n\n<h2 class=\"wp-block-heading\">Allgemeine Gesch\u00e4ftsbedingungen<\/h2>\n\n\n\n<h3 class=\"wp-block-heading\">Geltungsbereich<\/h3>\n\n\n\n<p>F\u00fcr alle Lieferungen von Weingut Fischborn Bergeshof (nachfolgend Online Shop) an Verbraucher gelten diese Allgemeinen Gesch\u00e4ftsbedingungen (AGB).<br>Verbraucher ist jede nat\u00fcrliche Person, die ein Rechtsgesch\u00e4ft zu einem Zwecke abschlie\u00dft, der \u00fcberwiegend weder ihrer gewerblichen noch ihrer selbstst\u00e4ndigen beruflichen T\u00e4tigkeit zugerechnet werden kann.<\/p>\n\n\n\n<h3 class=\"wp-block-heading\">Vertragspartner<\/h3>\n\n\n\n<p>Der Kaufvertrag kommt zustande mit<br>Weingut Fischborn Bergeshof<br>Dalheimer Str.57<br>55278 Dexheim<\/p>\n\n\n\n<p>Telefon: 0 61 33 \/ 60 15 6<br>Telefax: 0 61 33 \/ 92 73 24<br>E-Mail: info@bergeshof.de<\/p>\n\n\n\n<h3 class=\"wp-block-heading\">Vertragsschluss<\/h3>\n\n\n\n<p>Die Darstellung der Produkte im Online-Shop stellt kein rechtlich bindendes Angebot, sondern nur eine Aufforderung zur Bestellung dar.<\/p>\n\n\n\n<p>Durch Anklicken des Buttons [Kaufen\/kostenpflichtig bestellen] geben Sie eine verbindliche Bestellung der auf der Bestellseite aufgelisteten Waren ab. Ihr Kaufvertrag kommt zustande, wenn wir Ihre Bestellung durch eine Auftragsbest\u00e4tigung per E-Mail unmittelbar nach dem Erhalt Ihrer Bestellung annehmen.<\/p>\n\n\n\n<h3 class=\"wp-block-heading\">Widerrufsrecht<\/h3>\n\n\n\n<p>Wenn Sie Verbraucher sind (also eine nat\u00fcrliche Person, die die Bestellung zu einem Zweck abgibt, der weder Ihrer gewerblichen oder selbst\u00e4ndigen beruflichen T\u00e4tigkeit zugerechnet werden kann), steht Ihnen nach Ma\u00dfgabe der gesetzlichen Bestimmungen ein Widerrufsrecht zu.<\/p>\n\n\n\n<p>Machen Sie als Verbraucher von Ihrem Widerrufsrecht nach Ziffer 4.1 Gebrauch, so haben Sie die regelm\u00e4\u00dfigen Kosten der R\u00fccksendung zu tragen. Im \u00dcbrigen gelten f\u00fcr das Widerrufsrecht die Regelungen, die im Einzelnen wiedergegeben sind in der folgenden<\/p>\n\n\n\n<h2 class=\"wp-block-heading\">Widerrufsbelehrung\u00b9<\/h2>\n\n\n\n<h3 class=\"wp-block-heading\">Widerrufsrecht<\/h3>\n\n\n\n<p>Sie haben das Recht, binnen vierzehn Tagen ohne Angabe von Gr\u00fcnden diesen Vertrag zu widerrufen.<br><br>Die Widerrufsfrist betr\u00e4gt vierzehn Tage ab dem Tag an dem Sie oder ein von Ihnen benannter Dritter, der nicht der Bef\u00f6rderer ist, die Waren in Besitz genommen haben bzw. hat.<br><br>Um Ihr Widerrufsrecht auszu\u00fcben, m\u00fcssen Sie uns<br>Weingut Fischborn Bergeshof<br>Dalheimer Str.57<br>55278 Dexheim<\/p>\n\n\n\n<p>Telefon: 0 61 33 \/ 60 15 6<br>Telefax: 0 61 33 \/ 92 73 24<br>E-Mail: info@bergeshof.de<\/p>\n\n\n\n<p>Internet: www.bergeshof.de mittels einer eindeutigen Erkl\u00e4rung (z.B. ein mit der Post versandter Brief oder eine E-Mail) \u00fcber Ihren Entschluss, diesen Vertrag zu widerrufen, informieren. Sie k\u00f6nnen daf\u00fcr das beigef\u00fcgte Muster-Widerrufsformular verwenden, das jedoch nicht vorgeschrieben ist. Sie k\u00f6nnen das Muster- Widerrufsformular oder eine andere eindeutige Erkl\u00e4rung auch auf unserer Webseite (Internet-Adresse einf\u00fcgen) elektronisch ausf\u00fcllen und \u00fcbermitteln. Machen Sie von dieser M\u00f6glichkeit Gebrauch, so werden wir Ihnen unverz\u00fcglich (z.B. per E-Mail) eine Best\u00e4tigung \u00fcber den Eingang eines solchen Widerrufs \u00fcbermitteln.<br><br>Zur Wahrung der Widerrufsfrist reicht es aus, dass Sie die Mitteilung \u00fcber die Aus\u00fcbung des Widerrufsrechts vor Ablauf der Widerrufsfrist absenden.<\/p>\n\n\n\n<h3 class=\"wp-block-heading\">Folgen des Widerrufs<\/h3>\n\n\n\n<p>Wenn Sie diesen Vertrag widerrufen, haben wir Ihnen alle Zahlungen, die wir von Ihnen erhalten haben, einschlie\u00dflich der Lieferkosten (mit Ausnahme der zus\u00e4tzlichen Kosten, die sich daraus ergeben, dass Sie eine andere Art der Lieferung als die von uns angebotene, g\u00fcnstigste Standardlieferung gew\u00e4hlt haben), unverz\u00fcglich und sp\u00e4testens binnen vierzehn Tagen ab dem Tag zur\u00fcckzuzahlen, an dem die Mitteilung \u00fcber Ihren Widerruf dieses Vertrags bei uns eingegangen ist. F\u00fcr diese R\u00fcckzahlung verwenden wir dasselbe Zahlungsmittel, das Sie bei der urspr\u00fcnglichen Transaktion eingesetzt haben, es sei denn, mit Ihnen wurde ausdr\u00fccklich etwas anderes vereinbart; in keinem Fall werden Ihnen wegen dieser R\u00fcckzahlung Entgelte berechnet. Wir k\u00f6nnen die R\u00fcckzahlung verweigern, bis wir die Waren wieder zur\u00fcckerhalten haben oder bis Sie den Nachweis erbracht haben, dass Sie die Waren zur\u00fcckgesandt haben, je nachdem, welches der fr\u00fchere Zeitpunkt ist.<br><br>Sie haben die Waren unverz\u00fcglich und in jedem Fall sp\u00e4testens binnen vierzehn Tagen ab dem Tag, an dem Sie uns \u00fcber den Widerruf dieses Vertrages unterrichten, an uns oder an (hier sind gegebenenfalls der Name und die Anschrift der von Ihnen zur Entgegennahme der Ware erm\u00e4chtigten Person einzuf\u00fcgen) zur\u00fcckzusenden oder zu \u00fcbergeben. Die Frist ist gewahrt, wenn Sie die Waren vor Ablauf der Frist von vierzehn Tagen absenden.<br><br>Sie tragen die unmittelbaren Kosten der R\u00fccksendung der Waren.<br><br>Sie m\u00fcssen f\u00fcr einen etwaigen Wertverlust der Waren nur aufkommen, wenn dieser Wertverlust auf einen zur Pr\u00fcfung der Beschaffenheit, Eigenschaften und Funktionsweise der Waren nicht notwendigen Umgang mit ihnen zur\u00fcckzuf\u00fchren ist.<\/p>\n\n\n\n<h2 class=\"wp-block-heading\">Muster-Widerrufsformular<\/h2>\n\n\n\n<p>(Wenn Sie den Vertrag widerrufen wollen, dann f\u00fcllen Sie bitte dieses Formular aus und senden Sie es zur\u00fcck.)<\/p>\n\n\n\n<p>Weingut Fischborn Bergeshof<br>Dalheimer Str.57<br>55278 Dexheim<br><br>Telefax: 0 61 33 \/ 92 73 24<br>E-Mail: info@bergeshof.de<\/p>\n\n\n\n<p>Hiermit widerrufe(n) ich\/wir (*) den von mir\/uns (*) abgeschlossenen Vertrag \u00fcber den Kauf der folgenden Waren (*)\/ die Erbringung der folgenden Dienstleistung (*)<\/p>\n\n\n\n<div class=\"wp-block-group is-layout-flow wp-block-group-is-layout-flow\">\n<div style=\"height:35px\" aria-hidden=\"true\" class=\"wp-block-spacer\"><\/div>\n\n\n\n<hr class=\"wp-block-separator has-css-opacity\"\/>\n<\/div>\n\n\n\n<div class=\"wp-block-group is-layout-flow wp-block-group-is-layout-flow\">\n<div style=\"height:50px\" aria-hidden=\"true\" class=\"wp-block-spacer\"><\/div>\n\n\n\n<hr class=\"wp-block-separator has-css-opacity\"\/>\n<\/div>\n\n\n\n<div class=\"wp-block-group is-layout-flow wp-block-group-is-layout-flow\">\n<div style=\"height:50px\" aria-hidden=\"true\" class=\"wp-block-spacer\"><\/div>\n\n\n\n<hr class=\"wp-block-separator has-css-opacity\"\/>\n<\/div>\n\n\n\n<p>Bestellt am (*)\/erhalten am (*)<\/p>\n\n\n\n<div class=\"wp-block-group is-layout-flow wp-block-group-is-layout-flow\">\n<div style=\"height:8px\" aria-hidden=\"true\" class=\"wp-block-spacer\"><\/div>\n\n\n\n<hr class=\"wp-block-separator has-css-opacity\"\/>\n<\/div>\n\n\n\n<p>Name des\/der Verbraucher(s)<\/p>\n\n\n\n<div class=\"wp-block-group is-layout-flow wp-block-group-is-layout-flow\">\n<div style=\"height:8px\" aria-hidden=\"true\" class=\"wp-block-spacer\"><\/div>\n\n\n\n<hr class=\"wp-block-separator has-css-opacity\"\/>\n<\/div>\n\n\n\n<p>Anschrift des\/der Verbraucher(s)<\/p>\n\n\n\n<div class=\"wp-block-group is-layout-flow wp-block-group-is-layout-flow\">\n<div style=\"height:8px\" aria-hidden=\"true\" class=\"wp-block-spacer\"><\/div>\n\n\n\n<hr class=\"wp-block-separator has-css-opacity\"\/>\n<\/div>\n\n\n\n<p>Unterschrift des\/der Verbraucher(s) (nur bei Mitteilung auf Papier)<\/p>\n\n\n\n<div class=\"wp-block-group is-layout-flow wp-block-group-is-layout-flow\">\n<div style=\"height:8px\" aria-hidden=\"true\" class=\"wp-block-spacer\"><\/div>\n\n\n\n<hr class=\"wp-block-separator has-css-opacity\"\/>\n<\/div>\n\n\n\n<p>Datum<\/p>\n\n\n\n<div class=\"wp-block-group is-layout-flow wp-block-group-is-layout-flow\">\n<div style=\"height:8px\" aria-hidden=\"true\" class=\"wp-block-spacer\"><\/div>\n\n\n\n<hr class=\"wp-block-separator has-css-opacity\"\/>\n<\/div>\n\n\n\n<p>(*) Unzutreffendes streichen.<\/p>\n\n\n\n<p>&#8211; Ende der Widerrufsbelehrung &#8211;<br><br>(\u00b9&nbsp;Diese Widerrufsbelehrung gilt nicht f\u00fcr die getrennte Lieferung von Waren.)<\/p>\n\n\n\n<h2 class=\"wp-block-heading\">M\u00e4ngelhaftung \/ Verj\u00e4hrungsfrist<\/h2>\n\n\n\n<p>Es besteht grunds\u00e4tzlich ein gesetzliches M\u00e4ngelhaftungsrecht, soweit nicht ein anderes bestimmt ist.<\/p>\n\n\n\n<h2 class=\"wp-block-heading\">Preise und Versandkosten<\/h2>\n\n\n\n<p>Die auf den Produktseiten genannten Preise enthalten die gesetzliche Mehrwertsteuer und sonstige Preisbestandteile.<br>Zus\u00e4tzlich zu den angegebenen Preisen berechnen wir f\u00fcr die Lieferung innerhalb Deutschlands pauschal 11,90 Euro (6er, 12er und 18er Kartons) bei Bestellungen ab 19 Flaschen liefern wir versandkostenfrei. Die Versandkosten werden Ihnen auf den Produktseiten, im Warenkorbsystem und auf der Bestellseite nochmals deutlich mitgeteilt.<br><br>Die Lieferung erfolgt nur innerhalb Deutschlands mit DPD.<br>Die Lieferzeit betr\u00e4gt zu 3 bis 5 Werktage. Auf eventuell abweichende Lieferzeiten weisen wir auf der jeweiligen Produktseite hin.<\/p>\n\n\n\n<h2 class=\"wp-block-heading\">Jugendschutz<\/h2>\n\n\n\n<p>Die von uns angebotenen Waren geh\u00f6ren ausschlie\u00dflich in die H\u00e4nde von Erwachsenen. Der Kunde erkl\u00e4rt mit Absenden einer Bestellung, mindestens 18 Jahre alt zu sein. Die f\u00fcr die Bestellung erforderlichen Daten wie Name, Anschrift usw. sind vollst\u00e4ndig und wahrheitsgem\u00e4\u00df anzugeben. Die Ware wird durch den Zusteller erst nach erfolgter Alterspr\u00fcfung und nur an den Besteller pers\u00f6nlich ausgeh\u00e4ndigt.<\/p>\n\n\n\n<h2 class=\"wp-block-heading\">Zahlung<\/h2>\n\n\n\n<p>Die Zahlung erfolgt wahlweise per Vorkasse, PayPal oder auf Rechnung bei Stammkunden. Bei Abholung ist Barzahlung oder per EC-Karte m\u00f6glich.<br>Bei Auswahl der Zahlungsart Vorkasse nennen wir Ihnen unsere Bankverbindung in der Auftragsbest\u00e4tigung und liefern die Ware nach Zahlungseingang.<\/p>\n\n\n\n<h2 class=\"wp-block-heading\">Eigentumsvorbehalt<\/h2>\n\n\n\n<p>Bis zur vollst\u00e4ndigen Zahlung bleibt die Ware unser Eigentum.<\/p>\n\n\n\n<h2 class=\"wp-block-heading\">Hinweis zur R\u00fccknahme von Verpackungen<\/h2>\n\n\n\n<p>Wir sind dem Entsorgungssystem Zentek GmbH &amp; Co. KG angeschlossen. Unsere Kundennummer lautet DSZ2.0-0019587-5809432<strong><\/strong><\/p>\n\n\n\n<p>Diese AGB wurden erstellt mit der Vorlage von <a href=\"http:\/\/www.rechtsanwalt-metzler.de\" target=\"_blank\" rel=\"noreferrer noopener\">www.Rechtsanwalt-Metzler.de<\/a><\/p>\n","protected":false},"excerpt":{"rendered":"<p>ALLGEMEINE GESCH\u00c4FTSBEDINGUNGEN\u00a0 &#8211; HIER ZUM DOWNLOAD Allgemeine Gesch\u00e4ftsbedingungen Geltungsbereich F\u00fcr alle Lieferungen von Weingut Fischborn Bergeshof (nachfolgend Online Shop) an Verbraucher gelten diese Allgemeinen Gesch\u00e4ftsbedingungen (AGB).Verbraucher ist jede nat\u00fcrliche Person, die ein Rechtsgesch\u00e4ft zu einem Zwecke abschlie\u00dft, der \u00fcberwiegend weder ihrer gewerblichen noch ihrer selbstst\u00e4ndigen beruflichen T\u00e4tigkeit zugerechnet werden kann. Vertragspartner Der Kaufvertrag kommt zustande [&hellip;]<\/p>\n","protected":false},"author":29,"featured_media":0,"parent":0,"menu_order":0,"comment_status":"closed","ping_status":"closed","template":"page_fullwidth.php","meta":{"footnotes":""},"class_list":["post-11","page","type-page","status-publish","hentry"],"_links":{"self":[{"href":"https:\/\/bergeshof.de\/shop\/wp-json\/wp\/v2\/pages\/11","targetHints":{"allow":["GET"]}}],"collection":[{"href":"https:\/\/bergeshof.de\/shop\/wp-json\/wp\/v2\/pages"}],"about":[{"href":"https:\/\/bergeshof.de\/shop\/wp-json\/wp\/v2\/types\/page"}],"author":[{"embeddable":true,"href":"https:\/\/bergeshof.de\/shop\/wp-json\/wp\/v2\/users\/29"}],"replies":[{"embeddable":true,"href":"https:\/\/bergeshof.de\/shop\/wp-json\/wp\/v2\/comments?post=11"}],"version-history":[{"count":0,"href":"https:\/\/bergeshof.de\/shop\/wp-json\/wp\/v2\/pages\/11\/revisions"}],"wp:attachment":[{"href":"https:\/\/bergeshof.de\/shop\/wp-json\/wp\/v2\/media?parent=11"}],"curies":[{"name":"wp","href":"https:\/\/api.w.org\/{rel}","templated":true}]}}