{"id":373,"date":"2017-08-14T14:51:02","date_gmt":"2017-08-14T12:51:02","guid":{"rendered":"http:\/\/p276121.mittwaldserver.info\/pxshopprod\/?page_id=373"},"modified":"2025-09-25T09:14:53","modified_gmt":"2025-09-25T07:14:53","slug":"impressum","status":"publish","type":"page","link":"https:\/\/bergeshof.de\/shop\/impressum\/","title":{"rendered":"Impressum"},"content":{"rendered":"\n<p><strong>Anbieter gem\u00e4\u00df \u00a75 DDG:<\/strong><\/p>\n\n\n\n<h2 class=\"wp-block-heading\">Weingut Fischborn GbR<\/h2>\n\n\n\n<p>Dalheimer Stra\u00dfe 57<br>D-55278 Dexheim<\/p>\n\n\n\n<p>Telefon:&nbsp;<a href=\"tel:+49613360156\">+49 (0) 6133 \/ 60156<\/a><br>Telefax: +49 (0) 6133 \/ 927324<br>E-Mail:&nbsp;<a href=\"mailto:info@bergeshof.de\">info@bergeshof.de<\/a><\/p>\n\n\n\n<div style=\"height:20px\" aria-hidden=\"true\" class=\"wp-block-spacer\"><\/div>\n\n\n\n<p><strong>Vertretungsberechtigter Gesellschafter:<\/strong><br>Ruth Berges-Fischborn, Andreas, Martin &amp; Eric Fischborn<\/p>\n\n\n\n<p><strong>Umsatzsteuer-ID gem\u00e4\u00df \u00a7 27 a UStG<\/strong>:<br>DE 149181997<\/p>\n\n\n\n<p><strong>Aufsichtsbeh\u00f6rde:<\/strong><br>Ministerium f\u00fcr Wirtschaft, Verkehr, Landwirtschaft und Weinbau<br>Stiftsstra\u00dfe 9<br>55116 Mainz<br>Internet:&nbsp;<a href=\"https:\/\/mueef.rlp.de\/\">https:\/\/mueef.rlp.de&nbsp;<\/a><\/p>\n\n\n\n<p><strong>Zust\u00e4ndige Kammer<\/strong>:<br>Wir geh\u00f6ren der Landwirtschaftskammer Rheinland-Pfalz<br>Burgenlandstr. 7<br>55543 Bad<br>Kreuznach an. <\/p>\n\n\n\n<p><strong>Gesetzliche Grundlage unserer T\u00e4tigkeit<\/strong>:<br><a href=\"https:\/\/www.gesetze-im-internet.de\/weing_1994\/index.html\" target=\"_blank\" rel=\"noreferrer noopener\">Weingesetz (WeinG)<\/a>.<\/p>\n\n\n\n<p><strong>Quellenangaben<\/strong>:<br>Martin Fischborn Dalheimer Str.57, 55278 DexheimFotografie:&nbsp;Ivgenia Knobloch, Danny Stasser u. Robert Dieth<br>Konzeption &amp; Design:&nbsp;<a href=\"https:\/\/www.weindirekt.com\/\" target=\"_blank\" rel=\"noreferrer noopener\">WEIN:DIREKT &#8211; Agentur f\u00fcr Weinmarketing und Design<\/a><br>Programmierung:&nbsp;<a href=\"https:\/\/pixelready.de\/\" target=\"_blank\" rel=\"noreferrer noopener\">PIXEL:READY;<\/a><\/p>\n","protected":false},"excerpt":{"rendered":"<p>Anbieter gem\u00e4\u00df \u00a75 DDG: Weingut Fischborn GbR Dalheimer Stra\u00dfe 57D-55278 Dexheim Telefon:&nbsp;+49 (0) 6133 \/ 60156Telefax: +49 (0) 6133 \/ 927324E-Mail:&nbsp;info@bergeshof.de Vertretungsberechtigter Gesellschafter:Ruth Berges-Fischborn, Andreas, Martin &amp; Eric Fischborn Umsatzsteuer-ID gem\u00e4\u00df \u00a7 27 a UStG:DE 149181997 Aufsichtsbeh\u00f6rde:Ministerium f\u00fcr Wirtschaft, Verkehr, Landwirtschaft und WeinbauStiftsstra\u00dfe 955116 MainzInternet:&nbsp;https:\/\/mueef.rlp.de&nbsp; Zust\u00e4ndige Kammer:Wir geh\u00f6ren der Landwirtschaftskammer Rheinland-PfalzBurgenlandstr. 755543 BadKreuznach an. Gesetzliche [&hellip;]<\/p>\n","protected":false},"author":29,"featured_media":0,"parent":0,"menu_order":0,"comment_status":"closed","ping_status":"closed","template":"page_fullwidth.php","meta":{"footnotes":""},"class_list":["post-373","page","type-page","status-publish","hentry"],"_links":{"self":[{"href":"https:\/\/bergeshof.de\/shop\/wp-json\/wp\/v2\/pages\/373","targetHints":{"allow":["GET"]}}],"collection":[{"href":"https:\/\/bergeshof.de\/shop\/wp-json\/wp\/v2\/pages"}],"about":[{"href":"https:\/\/bergeshof.de\/shop\/wp-json\/wp\/v2\/types\/page"}],"author":[{"embeddable":true,"href":"https:\/\/bergeshof.de\/shop\/wp-json\/wp\/v2\/users\/29"}],"replies":[{"embeddable":true,"href":"https:\/\/bergeshof.de\/shop\/wp-json\/wp\/v2\/comments?post=373"}],"version-history":[{"count":1,"href":"https:\/\/bergeshof.de\/shop\/wp-json\/wp\/v2\/pages\/373\/revisions"}],"predecessor-version":[{"id":2690,"href":"https:\/\/bergeshof.de\/shop\/wp-json\/wp\/v2\/pages\/373\/revisions\/2690"}],"wp:attachment":[{"href":"https:\/\/bergeshof.de\/shop\/wp-json\/wp\/v2\/media?parent=373"}],"curies":[{"name":"wp","href":"https:\/\/api.w.org\/{rel}","templated":true}]}}