{"id":2626,"date":"2025-06-10T15:38:52","date_gmt":"2025-06-10T13:38:52","guid":{"rendered":"https:\/\/bergeshof.de\/shop\/?post_type=product&#038;p=2626"},"modified":"2025-07-07T13:01:45","modified_gmt":"2025-07-07T11:01:45","slug":"winzergluehwein-rot","status":"publish","type":"product","link":"https:\/\/bergeshof.de\/shop\/produkt\/winzergluehwein-rot\/","title":{"rendered":"Winzergl\u00fchwein Rot"},"content":{"rendered":"","protected":false},"excerpt":{"rendered":"<p>W\u00e4rmende Momente:<br \/>\nTraditionell gew\u00fcrzt und mit gr\u00f6\u00dfter Sorgfalt hergestellt, begeistert dieser trinkfertige Gl\u00fchwein jeden Gl\u00fchweinliebhaber durch seinen Geschmack.<br \/>\nNur noch erhitzen. Gl\u00fchwein sollte nicht zum Kochen gebracht werden.<\/p>\n","protected":false},"featured_media":2613,"comment_status":"open","ping_status":"closed","template":"","meta":[],"product_brand":[],"product_cat":[336],"product_tag":[],"class_list":{"0":"post-2626","1":"product","2":"type-product","3":"status-publish","4":"has-post-thumbnail","6":"product_cat-gluehwein","8":"first","9":"instock","10":"taxable","11":"shipping-taxable","12":"purchasable","13":"product-type-simple"},"_links":{"self":[{"href":"https:\/\/bergeshof.de\/shop\/wp-json\/wp\/v2\/product\/2626","targetHints":{"allow":["GET"]}}],"collection":[{"href":"https:\/\/bergeshof.de\/shop\/wp-json\/wp\/v2\/product"}],"about":[{"href":"https:\/\/bergeshof.de\/shop\/wp-json\/wp\/v2\/types\/product"}],"replies":[{"embeddable":true,"href":"https:\/\/bergeshof.de\/shop\/wp-json\/wp\/v2\/comments?post=2626"}],"wp:featuredmedia":[{"embeddable":true,"href":"https:\/\/bergeshof.de\/shop\/wp-json\/wp\/v2\/media\/2613"}],"wp:attachment":[{"href":"https:\/\/bergeshof.de\/shop\/wp-json\/wp\/v2\/media?parent=2626"}],"wp:term":[{"taxonomy":"product_brand","embeddable":true,"href":"https:\/\/bergeshof.de\/shop\/wp-json\/wp\/v2\/product_brand?post=2626"},{"taxonomy":"product_cat","embeddable":true,"href":"https:\/\/bergeshof.de\/shop\/wp-json\/wp\/v2\/product_cat?post=2626"},{"taxonomy":"product_tag","embeddable":true,"href":"https:\/\/bergeshof.de\/shop\/wp-json\/wp\/v2\/product_tag?post=2626"}],"curies":[{"name":"wp","href":"https:\/\/api.w.org\/{rel}","templated":true}]}}