{"id":2627,"date":"2025-06-10T15:40:53","date_gmt":"2025-06-10T13:40:53","guid":{"rendered":"https:\/\/bergeshof.de\/shop\/?post_type=product&#038;p=2627"},"modified":"2025-07-07T13:01:36","modified_gmt":"2025-07-07T11:01:36","slug":"winzergluehwein-weiss","status":"publish","type":"product","link":"https:\/\/bergeshof.de\/shop\/produkt\/winzergluehwein-weiss\/","title":{"rendered":"Winzergl\u00fchwein Weiss"},"content":{"rendered":"","protected":false},"excerpt":{"rendered":"<div>W\u00e4rmende Momente:<\/div>\n<div>Traditionell gew\u00fcrzt und mit gr\u00f6\u00dfter Sorgfalt hergestellt, begeistert dieser trinkfertige Gl\u00fchwein jeden Gl\u00fchweinliebhaber durch seinen Geschmack.<\/div>\n<div>Nur noch erhitzen. Gl\u00fchwein sollte nicht zum Kochen gebracht werden.<\/div>\n","protected":false},"featured_media":2612,"comment_status":"open","ping_status":"closed","template":"","meta":[],"product_brand":[],"product_cat":[336],"product_tag":[],"class_list":{"0":"post-2627","1":"product","2":"type-product","3":"status-publish","4":"has-post-thumbnail","6":"product_cat-gluehwein","8":"first","9":"instock","10":"taxable","11":"shipping-taxable","12":"purchasable","13":"product-type-simple"},"_links":{"self":[{"href":"https:\/\/bergeshof.de\/shop\/wp-json\/wp\/v2\/product\/2627","targetHints":{"allow":["GET"]}}],"collection":[{"href":"https:\/\/bergeshof.de\/shop\/wp-json\/wp\/v2\/product"}],"about":[{"href":"https:\/\/bergeshof.de\/shop\/wp-json\/wp\/v2\/types\/product"}],"replies":[{"embeddable":true,"href":"https:\/\/bergeshof.de\/shop\/wp-json\/wp\/v2\/comments?post=2627"}],"wp:featuredmedia":[{"embeddable":true,"href":"https:\/\/bergeshof.de\/shop\/wp-json\/wp\/v2\/media\/2612"}],"wp:attachment":[{"href":"https:\/\/bergeshof.de\/shop\/wp-json\/wp\/v2\/media?parent=2627"}],"wp:term":[{"taxonomy":"product_brand","embeddable":true,"href":"https:\/\/bergeshof.de\/shop\/wp-json\/wp\/v2\/product_brand?post=2627"},{"taxonomy":"product_cat","embeddable":true,"href":"https:\/\/bergeshof.de\/shop\/wp-json\/wp\/v2\/product_cat?post=2627"},{"taxonomy":"product_tag","embeddable":true,"href":"https:\/\/bergeshof.de\/shop\/wp-json\/wp\/v2\/product_tag?post=2627"}],"curies":[{"name":"wp","href":"https:\/\/api.w.org\/{rel}","templated":true}]}}