{"id":2774,"date":"2026-03-12T17:03:00","date_gmt":"2026-03-12T16:03:00","guid":{"rendered":"https:\/\/bergeshof.de\/shop\/?post_type=product&#038;p=2774"},"modified":"2026-03-13T11:08:07","modified_gmt":"2026-03-13T10:08:07","slug":"riesling-alkoholfrei","status":"publish","type":"product","link":"https:\/\/bergeshof.de\/shop\/produkt\/riesling-alkoholfrei\/","title":{"rendered":"Riesling Alkoholfrei"},"content":{"rendered":"","protected":false},"excerpt":{"rendered":"<p>F\u00fcr alle, die mal keinen Alkohol trinken wollen oder d\u00fcrfen, und trotzdem nicht auf ein gutes Gl\u00e4schen Wein verzichten<br \/>\nm\u00f6chten. Probieren Sie es aus!<\/p>\n","protected":false},"featured_media":2769,"comment_status":"open","ping_status":"closed","template":"","meta":[],"product_brand":[],"product_cat":[133],"product_tag":[],"class_list":{"0":"post-2774","1":"product","2":"type-product","3":"status-publish","4":"has-post-thumbnail","6":"product_cat-alkoholfrei","8":"first","9":"instock","10":"taxable","11":"shipping-taxable","12":"purchasable","13":"product-type-simple"},"_links":{"self":[{"href":"https:\/\/bergeshof.de\/shop\/wp-json\/wp\/v2\/product\/2774","targetHints":{"allow":["GET"]}}],"collection":[{"href":"https:\/\/bergeshof.de\/shop\/wp-json\/wp\/v2\/product"}],"about":[{"href":"https:\/\/bergeshof.de\/shop\/wp-json\/wp\/v2\/types\/product"}],"replies":[{"embeddable":true,"href":"https:\/\/bergeshof.de\/shop\/wp-json\/wp\/v2\/comments?post=2774"}],"wp:featuredmedia":[{"embeddable":true,"href":"https:\/\/bergeshof.de\/shop\/wp-json\/wp\/v2\/media\/2769"}],"wp:attachment":[{"href":"https:\/\/bergeshof.de\/shop\/wp-json\/wp\/v2\/media?parent=2774"}],"wp:term":[{"taxonomy":"product_brand","embeddable":true,"href":"https:\/\/bergeshof.de\/shop\/wp-json\/wp\/v2\/product_brand?post=2774"},{"taxonomy":"product_cat","embeddable":true,"href":"https:\/\/bergeshof.de\/shop\/wp-json\/wp\/v2\/product_cat?post=2774"},{"taxonomy":"product_tag","embeddable":true,"href":"https:\/\/bergeshof.de\/shop\/wp-json\/wp\/v2\/product_tag?post=2774"}],"curies":[{"name":"wp","href":"https:\/\/api.w.org\/{rel}","templated":true}]}}