{"id":2775,"date":"2026-03-12T17:03:43","date_gmt":"2026-03-12T16:03:43","guid":{"rendered":"https:\/\/bergeshof.de\/shop\/?post_type=product&#038;p=2775"},"modified":"2026-03-13T11:01:59","modified_gmt":"2026-03-13T10:01:59","slug":"merlot-rose-alkoholfrei","status":"publish","type":"product","link":"https:\/\/bergeshof.de\/shop\/produkt\/merlot-rose-alkoholfrei\/","title":{"rendered":"Merlot Ros\u00e9 Alkoholfrei"},"content":{"rendered":"","protected":false},"excerpt":{"rendered":"<p>F\u00fcr alle, die mal keinen Alkohol trinken wollen oder d\u00fcrfen, und trotzdem nicht auf ein gutes Gl\u00e4schen Wein verzichten<br \/>\nm\u00f6chten. Probieren Sie es aus!<\/p>\n","protected":false},"featured_media":2772,"comment_status":"open","ping_status":"closed","template":"","meta":[],"product_brand":[],"product_cat":[133],"product_tag":[],"class_list":{"0":"post-2775","1":"product","2":"type-product","3":"status-publish","4":"has-post-thumbnail","6":"product_cat-alkoholfrei","8":"first","9":"instock","10":"taxable","11":"shipping-taxable","12":"purchasable","13":"product-type-simple"},"_links":{"self":[{"href":"https:\/\/bergeshof.de\/shop\/wp-json\/wp\/v2\/product\/2775","targetHints":{"allow":["GET"]}}],"collection":[{"href":"https:\/\/bergeshof.de\/shop\/wp-json\/wp\/v2\/product"}],"about":[{"href":"https:\/\/bergeshof.de\/shop\/wp-json\/wp\/v2\/types\/product"}],"replies":[{"embeddable":true,"href":"https:\/\/bergeshof.de\/shop\/wp-json\/wp\/v2\/comments?post=2775"}],"wp:featuredmedia":[{"embeddable":true,"href":"https:\/\/bergeshof.de\/shop\/wp-json\/wp\/v2\/media\/2772"}],"wp:attachment":[{"href":"https:\/\/bergeshof.de\/shop\/wp-json\/wp\/v2\/media?parent=2775"}],"wp:term":[{"taxonomy":"product_brand","embeddable":true,"href":"https:\/\/bergeshof.de\/shop\/wp-json\/wp\/v2\/product_brand?post=2775"},{"taxonomy":"product_cat","embeddable":true,"href":"https:\/\/bergeshof.de\/shop\/wp-json\/wp\/v2\/product_cat?post=2775"},{"taxonomy":"product_tag","embeddable":true,"href":"https:\/\/bergeshof.de\/shop\/wp-json\/wp\/v2\/product_tag?post=2775"}],"curies":[{"name":"wp","href":"https:\/\/api.w.org\/{rel}","templated":true}]}}